{"id":107,"date":"2020-03-27T15:26:15","date_gmt":"2020-03-27T14:26:15","guid":{"rendered":"https:\/\/celineclement.archi\/?page_id=107"},"modified":"2025-10-13T14:31:04","modified_gmt":"2025-10-13T12:31:04","slug":"projets","status":"publish","type":"page","link":"https:\/\/celineclement.archi\/","title":{"rendered":"Actualit\u00e9s"},"content":{"rendered":"<section class=\"av_textblock_section \"  itemscope=\"itemscope\" itemtype=\"https:\/\/schema.org\/CreativeWork\" ><div class='avia_textblock  '   itemprop=\"text\" ><p style=\"text-align: center;\"><strong>Architecture de l\u2019attention, du territoire et du quotidien<\/strong><\/p>\n<p><iframe loading=\"lazy\" src=\"\/\/umap.openstreetmap.fr\/fr\/map\/cca_references_1261007?scaleControl=false&amp;miniMap=false&amp;scrollWheelZoom=false&amp;zoomControl=true&amp;editMode=disabled&amp;moreControl=true&amp;searchControl=null&amp;tilelayersControl=null&amp;embedControl=null&amp;datalayersControl=true&amp;onLoadPanel=none&amp;captionBar=false&amp;captionMenus=true\" width=\"100%\" height=\"300px\" frameborder=\"0\" allowfullscreen=\"allowfullscreen\"><\/iframe><a href=\"\/\/umap.openstreetmap.fr\/fr\/map\/cca_references_1261007?scaleControl=false&amp;miniMap=false&amp;scrollWheelZoom=true&amp;zoomControl=true&amp;editMode=disabled&amp;moreControl=true&amp;searchControl=null&amp;tilelayersControl=null&amp;embedControl=null&amp;datalayersControl=true&amp;onLoadPanel=none&amp;captionBar=false&amp;captionMenus=true\">Voir en plein \u00e9cran<\/a><\/p>\n<h4><b>\u00e9quipement<\/b><\/h4>\n<p><span style=\"font-weight: 400;\">\u00c9tude pour un \u00e9quipement temporaire itin\u00e9rant, 2022 (44)<br \/>\n<\/span><span style=\"font-weight: 400;\">R\u00e9novation de la salle de r\u00e9ception du mus\u00e9e le paquebot \u00ab\u00a0Le Normandie\u00a0\u00bb, 2021 (44)<\/span><br \/>\n<span style=\"font-weight: 400;\">R\u00e9alisation d&rsquo;une passerelle et d&rsquo;un ponton et remise en \u00e9tat des quais du mus\u00e9e du sous-marin l&rsquo;Espadon, 2021 (44)<\/span><br \/>\n<span style=\"font-weight: 400;\">R\u00e9alisation de l\u2019espace d\u2019accueil touristique de l\u2019\u00c9cluse Fortifi\u00e9e \u00e0 Saint-Nazaire en cotraitance avec M\u00e9talobil, 2018 (44) *<\/span><br \/>\n<span style=\"font-weight: 400;\">\u00c9tude de faisabilit\u00e9 pour la cr\u00e9ation d\u2019un local v\u00e9lo pour\u00a0 la gare ferroviaire <\/span><span style=\"font-weight: 400;\">de Saint-Nazaire, 2018 (44) *<\/span><br \/>\n<span style=\"font-weight: 400;\">\u00c9tude pour l\u2019accessibilit\u00e9 de la terrasse panoramique \u00e0 Saint-Nazaire, 2018 (44) *<\/span><br \/>\n<span style=\"font-weight: 400;\">\u00c9tude en phase concours de la conception-r\u00e9alisation d&rsquo;une exposition temporaire pour le MuCEM, 2017 (13) *<\/span><br \/>\n<span style=\"font-weight: 400;\">Nomin\u00e9 pour l&rsquo;\u00e9tude en phase concours de la conception-r\u00e9alisation d&rsquo;une exposition temporaire pour le MuCEM, 2016 (13) *<\/span><br \/>\n<span style=\"font-weight: 400;\">Extension de l\u2019espace Chateaubriand, Mus\u00e9e de la Marine en bois du Brivet \u00e0 Montoir de Bretagne, 2017 (44) *<\/span>\u00a0<b>\u00a0<\/b><br \/>\n<span style=\"font-weight: 400;\">\u00c9tude de faisabilit\u00e9 pour l\u2019am\u00e9nagement de salles de cours pour un \u00e9tablissement d\u2019enseignement sup\u00e9rieur, 2017 (44) *<\/span><br \/>\n<span style=\"font-weight: 400;\">\u00abQuais \/ Banchine : un playground urbain\u00bb TPFE\u00a0<\/span><br \/>\n<span style=\"font-weight: 400;\">Analyse comparative des quais en tant qu\u2019espace public dans les villes de Paris et Rome et cr\u00e9ation d\u2019un \u00e9quipement flottant parisien <\/span><span style=\"font-weight: 400;\">(soutenance le 25 novembre 2005, mention Tr\u00e8s Bien)<\/span><\/p>\n<h4><b>bureaux<\/b><\/h4>\n<p>Modification d&rsquo;une clinique v\u00e9t\u00e9rinaire, en cours (44)<br \/>\n<span style=\"font-weight: 400;\">E<\/span>xtension des bureaux d&rsquo;une soci\u00e9t\u00e9 de transport , en cours (49)<br \/>\n<span style=\"font-weight: 400;\">R\u00e9alisation des \u00e9tudes jusqu&rsquo;\u00e0 la r\u00e9alisation du dossier de permis de construire de l&rsquo;e<\/span>xtension d&rsquo;un b\u00e2timent industriel et cr\u00e9ation d&rsquo;un espace de convivialit\u00e9, 2023 (44)<br \/>\n<span style=\"font-weight: 400;\">Am\u00e9nagement de bureaux en collaboration avec une agence parisienne, 2019 (75)<\/span><br \/>\n<span style=\"font-weight: 400;\">Etude d\u2019am\u00e9nagement des halls d\u2019un immeuble de bureaux \u00e0 Nantes, 2018 (44)\u00a0<\/span><br \/>\n<span style=\"font-weight: 400;\">Am\u00e9nagement d\u2019un plateau de bureaux b\u00e2timent A, l\u2019\u00c9cole Centrale de Nantes, 2018 (44) *<\/span><br \/>\n<span style=\"font-weight: 400;\">Etude faisabilit\u00e9 pour l\u2019extension d\u2019un \u00e9quipement d&rsquo;int\u00e9r\u00eat collectif \u00e0 Nantes<br \/>\net la r\u00e9alisation d\u2019un immeuble de bureaux au bord de Loire, 2016 (44) *<\/span><\/p>\n<h4><b>am\u00e9nagement ext\u00e9rieur<\/b><\/h4>\n<p><span style=\"font-weight: 400;\">Cr\u00e9ation de la terrasse d\u2019un jardin Nantais, 2015 (44) *<\/span><\/p>\n<h4><b>commerce<\/b><\/h4>\n<p><span style=\"font-weight: 400;\">Remplacement de la vitrine d&rsquo;un local commercial dans le centre historique \u00e0 Nantes, 2021 (44)<\/span><br \/>\n<span style=\"font-weight: 400;\">Etude de faisabilit\u00e9 pour l\u2019am\u00e9nagement d\u2019un local de vente \u00e0 emporter, 2019 (44) *<\/span><br \/>\n<span style=\"font-weight: 400;\">Mission d\u2019Ad\u2019AP pour un ERP \u00e0 Nantes, 2015 (44) *<\/span><\/p>\n<h4><b>habitat<\/b><\/h4>\n<p><span style=\"font-weight: 400;\">Construction d\u2019une maison individuelle, en cours (44)<\/span><br \/>\n<span style=\"font-weight: 400;\">Construction de 13 studios et espaces communs \u00e0 Vertou, 2022 (44) *<\/span><br \/>\n<span style=\"font-weight: 400;\">Am\u00e9nagement d\u2019un appartement en duplex \u00e0 Nantes, 2019 (44) *<\/span><br \/>\n<span style=\"font-weight: 400;\">R\u00e9novation d\u2019une maison d\u2019habitation, 2019 (17)<\/span><br \/>\n<span style=\"font-weight: 400;\">Etude d\u2019extension d\u2019une maison \u00e0 Nantes, 2018 (44) *<\/span><br \/>\n<span style=\"font-weight: 400;\">Transformation d\u2019un local professionnel en un logement de 140m2 en secteur sauvegard\u00e9 \u00e0 Nantes, 2017 (44) *<\/span><br \/>\n<span style=\"font-weight: 400;\">\u00c9tudes de faisabilit\u00e9 pour la r\u00e9alisation d\u2019immeubles de logements \u00e0 Nantes, 2017 (44) *<\/span><br \/>\n<span style=\"font-weight: 400;\">R\u00e9alisation des \u00e9tudes jusqu&rsquo;\u00e0 la r\u00e9alisation du dossier de permis de construire d\u2019une maison individuelle \u00e0 Noirmoutier (auto construction), 2014 (85) *<\/span><br \/>\n<span style=\"font-weight: 400;\">R\u00e9novation d\u2019un duplex parisien \u00able code barre\u00bb, 2007 (75)<\/span><\/p>\n<h4><b>concours<\/b><\/h4>\n<p><span style=\"font-weight: 400;\">EUROPAN 13 \u00abla ville adaptable\u00bb, concours en collaboration avec Rozenn Le Couillard et C\u00e9line Monvoisin, 2015 *<\/span><br \/>\n<span style=\"font-weight: 400;\">\u00abHabiter avec la mer: Quelle forme d\u2019habitat \u00e0 Noirmoutier demain?\u00bb, 2014 *<\/span><br \/>\n<span style=\"font-weight: 400;\">EUROPAN 9 \u00abUrbanit\u00e9 europ\u00e9enne\u00bb, Gen\u00e8ve, Suisse, 2007 *<\/span><br \/>\n<span style=\"font-weight: 400;\">MINI MAOUSSE \u00abmini maison roulante\u00bb, 2005 *<\/span><\/p>\n<h4><b>graphisme<\/b><\/h4>\n<p><span style=\"font-weight: 400;\">Cr\u00e9ation de l\u2019identit\u00e9 graphique d\u2019une soci\u00e9t\u00e9 nantaise, 2019 (44)<\/span><br \/>\n<span style=\"font-weight: 400;\">Cr\u00e9ation de l\u2019identit\u00e9 graphique d\u2019une soci\u00e9t\u00e9 nantaise, 2014 (44)<\/span><br \/>\n<span style=\"font-weight: 400;\">Participation \u00e0 la r\u00e9alisation d\u2019une animation publicitaire avec EMETH Animation, 2005 (75)<\/span><\/p>\n<h4><b>workshop<\/b><\/h4>\n<p><span style=\"font-weight: 400;\">Cr\u00e9ation d\u2019un atelier \u00abEnfants &amp; Architecture\u00bb : construction de cabanes en carton sur les quais du canal de l\u2019Ourcq \u00e0 Paris pour\u00a0 le COmit\u00e9 pour le D\u00e9veloppement de l\u2019Espace pour le Jeu (C.O.D.E.J.), Paris\u00a0\u00a0<\/span><br \/>\n<span style=\"font-weight: 400;\">\u201cD\u00e9rives urbaines\u201d \u00e0 Rennes avec Stalker\/Osservatorio Nomade, workshop<\/span><\/p>\n<h4><b>hors fronti\u00e8res<\/b><\/h4>\n<p><span style=\"font-weight: 400;\">R\u00e9alisation d\u2019un \u201cGuide technique et architectural de la M\u00e9dina d\u2019Essaouira &#8211; Restauration, r\u00e9habilitation, reconstruction\u201d, cabinet de d\u00e9veloppement urbain, Agenda 21, sous l\u2019\u00e9gide de l\u2019UNESCO, Essaouira, Maroc<\/span><br \/>\n<span style=\"font-weight: 400;\">Participation \u00e0 la construction d\u2019une \u00e9cole \u00e9l\u00e9mentaire \u00e0 Hu\u00e9, Vi\u00eat-Nam en tant que co-pr\u00e9sidentes de l\u2019association humanitaire \u201cDictionnaire et pots de peinture\u201d\u00a0\u00a0<\/span><\/p>\n<p><span style=\"font-weight: 400;\">* projet men\u00e9 au sein de l\u2019atelier Luma\u2022k en tant qu\u2019architecte cog\u00e9rante<\/span><\/p>\n<p><!-- Google tag (gtag.js) --><br \/>\n<script async src=\"https:\/\/www.googletagmanager.com\/gtag\/js?id=G-4QENSLFJ3H\"><\/script><br \/>\n<script>\n  window.dataLayer = window.dataLayer || [];\n  function gtag(){dataLayer.push(arguments);}\n  gtag('js', new Date());<\/p>\n<p>  gtag('config', 'G-4QENSLFJ3H');\n<\/script><\/p>\n<\/div><\/section>\n<div class=\"flex_column av_two_fifth  flex_column_div av-zero-column-padding first  \" style='border-radius:0px; '><\/div>\n","protected":false},"excerpt":{"rendered":"","protected":false},"author":1,"featured_media":0,"parent":0,"menu_order":0,"comment_status":"closed","ping_status":"closed","template":"","meta":{"footnotes":""},"class_list":["post-107","page","type-page","status-publish","hentry"],"jetpack_sharing_enabled":true,"_links":{"self":[{"href":"https:\/\/celineclement.archi\/index.php\/wp-json\/wp\/v2\/pages\/107","targetHints":{"allow":["GET"]}}],"collection":[{"href":"https:\/\/celineclement.archi\/index.php\/wp-json\/wp\/v2\/pages"}],"about":[{"href":"https:\/\/celineclement.archi\/index.php\/wp-json\/wp\/v2\/types\/page"}],"author":[{"embeddable":true,"href":"https:\/\/celineclement.archi\/index.php\/wp-json\/wp\/v2\/users\/1"}],"replies":[{"embeddable":true,"href":"https:\/\/celineclement.archi\/index.php\/wp-json\/wp\/v2\/comments?post=107"}],"version-history":[{"count":31,"href":"https:\/\/celineclement.archi\/index.php\/wp-json\/wp\/v2\/pages\/107\/revisions"}],"predecessor-version":[{"id":478,"href":"https:\/\/celineclement.archi\/index.php\/wp-json\/wp\/v2\/pages\/107\/revisions\/478"}],"wp:attachment":[{"href":"https:\/\/celineclement.archi\/index.php\/wp-json\/wp\/v2\/media?parent=107"}],"curies":[{"name":"wp","href":"https:\/\/api.w.org\/{rel}","templated":true}]}}