{"id":109,"date":"2020-03-27T15:27:59","date_gmt":"2020-03-27T14:27:59","guid":{"rendered":"https:\/\/celineclement.archi\/?page_id=109"},"modified":"2025-10-10T16:25:27","modified_gmt":"2025-10-10T14:25:27","slug":"contact","status":"publish","type":"page","link":"https:\/\/celineclement.archi\/index.php\/contact\/","title":{"rendered":"Contact"},"content":{"rendered":"<section class=\"av_textblock_section \"  itemscope=\"itemscope\" itemtype=\"https:\/\/schema.org\/CreativeWork\" ><div class='avia_textblock  '   itemprop=\"text\" ><p dir=\"ltr\"><em>Contactez l&rsquo;Atelier\u00a0<\/em><\/p>\n<p dir=\"ltr\"><strong>c\u00e9line cl\u00e9ment \u00a0<\/strong>eurl d&rsquo;architecture <strong>06 66 84 72 70 <\/strong><\/p>\n<p dir=\"ltr\">contact(at)celineclement.archi<\/p>\n<p dir=\"ltr\">36 rue Ren\u00e9 Guillouzo 44600 Saint-Nazaire<\/p>\n<p dir=\"ltr\">L&rsquo;Atelier est ouvert du lundi au jeudi de 9h \u00e0 17h<\/p>\n<p dir=\"ltr\">&lt;iframe width=\u00a0\u00bb100%\u00a0\u00bb height=\u00a0\u00bb300px\u00a0\u00bb frameborder=\u00a0\u00bb0&Prime; allowfullscreen allow=\u00a0\u00bbgeolocation\u00a0\u00bb src=\u00a0\u00bb\/\/umap.openstreetmap.fr\/fr\/map\/fishmarket_1295687?scaleControl=false&amp;miniMap=false&amp;scrollWheelZoom=false&amp;zoomControl=true&amp;editMode=disabled&amp;moreControl=true&amp;searchControl=null&amp;tilelayersControl=null&amp;embedControl=null&amp;datalayersControl=true&amp;onLoadPanel=none&amp;captionBar=false&amp;captionMenus=true\u00a0\u00bb&gt;&lt;\/iframe&gt;&lt;p&gt;&lt;a href=\u00a0\u00bb\/\/umap.openstreetmap.fr\/fr\/map\/fishmarket_1295687?scaleControl=false&amp;miniMap=false&amp;scrollWheelZoom=true&amp;zoomControl=true&amp;editMode=disabled&amp;moreControl=true&amp;searchControl=null&amp;tilelayersControl=null&amp;embedControl=null&amp;datalayersControl=true&amp;onLoadPanel=none&amp;captionBar=false&amp;captionMenus=true\u00a0\u00bb&gt;Voir en plein \u00e9cran&lt;\/a&gt;&lt;\/p&gt;<\/p>\n<h3 style=\"text-align: center;\" data-start=\"66\" data-end=\"86\"><\/h3>\n<p data-start=\"88\" data-end=\"371\"><em>Missions<\/em><\/p>\n<p data-start=\"88\" data-end=\"371\">La profession d\u2019architecte est r\u00e9glement\u00e9e par la loi n\u00b077-2 du 3 janvier 1977 et le d\u00e9cret n\u00b080-217 du 20 mars 1980.<\/p>\n<p data-start=\"88\" data-end=\"371\">Les honoraires sont librement fix\u00e9s entre l\u2019architecte et le client, selon un contrat pr\u00e9cisant la modalit\u00e9 retenue. Ils <span style=\"font-weight: 400;\">sont calcul\u00e9s suivant :<\/span><\/p>\n<ul>\n<li>L\u2019\u00e9tendue de la mission<\/li>\n<li>La complexit\u00e9 de l\u2019op\u00e9ration<\/li>\n<li>Le l\u2019importance des travaux<\/li>\n<\/ul>\n<p><span style=\"font-weight: 400;\">Ils peuvent \u00eatre propos\u00e9s au forfait ou proportionnels au montant des travaux, selon la mission confi\u00e9e.<\/span><span style=\"font-weight: 400;\"><br \/>\n<\/span><span style=\"font-weight: 400;\"> Nous les fixons toujours en amont, apr\u00e8s une premi\u00e8re analyse de vos besoins, pour avancer sereinement ensemble.<\/span><\/p>\n<p><span style=\"font-weight: 400;\">Certaines interventions sont propos\u00e9es \u00e0 prix fixe, notamment :<\/span><\/p>\n<ul>\n<li style=\"font-weight: 400;\" aria-level=\"1\"><span style=\"font-weight: 400;\">Visite conseil sans \u00e9tude de r\u00e8glement d\u2019urbanisme : 250 \u20ac TTC*<\/span><\/li>\n<li style=\"font-weight: 400;\" aria-level=\"1\"><span style=\"font-weight: 400;\">Visite conseil pour projet d\u2019extension ou sur\u00e9l\u00e9vation : 370 \u20ac TTC*<\/span><\/li>\n<\/ul>\n<p><span style=\"font-weight: 400;\">* sur Saint-Nazaire et ses environs jusqu&rsquo;\u00e0 50 km<\/span><\/p>\n<p><span style=\"font-weight: 400;\">Certains frais peuvent \u00eatre ajout\u00e9s si n\u00e9cessaire, toujours annonc\u00e9s en amont :<\/span><\/p>\n<ul>\n<li style=\"font-weight: 400;\" aria-level=\"1\"><span style=\"font-weight: 400;\">D\u00e9placements hors secteur habituel<\/span><\/li>\n<li style=\"font-weight: 400;\" aria-level=\"1\"><span style=\"font-weight: 400;\">Reprographie exceptionnelle (tirages multiples ou grands formats)<\/span><\/li>\n<li style=\"font-weight: 400;\" aria-level=\"1\"><span style=\"font-weight: 400;\">\u00c9tudes sp\u00e9cifiques<\/span><\/li>\n<li aria-level=\"1\">Co\u00fbt de l&rsquo;assurance professionnelle<\/li>\n<li aria-level=\"1\">Toute modification de la mission, du programme ou du calendrier fait l\u2019objet d\u2019un avenant pr\u00e9cisant les honoraires suppl\u00e9mentaires.<\/li>\n<\/ul>\n<\/div><\/section>\n","protected":false},"excerpt":{"rendered":"","protected":false},"author":1,"featured_media":0,"parent":0,"menu_order":0,"comment_status":"closed","ping_status":"closed","template":"","meta":{"footnotes":""},"class_list":["post-109","page","type-page","status-publish","hentry"],"jetpack_sharing_enabled":true,"_links":{"self":[{"href":"https:\/\/celineclement.archi\/index.php\/wp-json\/wp\/v2\/pages\/109","targetHints":{"allow":["GET"]}}],"collection":[{"href":"https:\/\/celineclement.archi\/index.php\/wp-json\/wp\/v2\/pages"}],"about":[{"href":"https:\/\/celineclement.archi\/index.php\/wp-json\/wp\/v2\/types\/page"}],"author":[{"embeddable":true,"href":"https:\/\/celineclement.archi\/index.php\/wp-json\/wp\/v2\/users\/1"}],"replies":[{"embeddable":true,"href":"https:\/\/celineclement.archi\/index.php\/wp-json\/wp\/v2\/comments?post=109"}],"version-history":[{"count":43,"href":"https:\/\/celineclement.archi\/index.php\/wp-json\/wp\/v2\/pages\/109\/revisions"}],"predecessor-version":[{"id":479,"href":"https:\/\/celineclement.archi\/index.php\/wp-json\/wp\/v2\/pages\/109\/revisions\/479"}],"wp:attachment":[{"href":"https:\/\/celineclement.archi\/index.php\/wp-json\/wp\/v2\/media?parent=109"}],"curies":[{"name":"wp","href":"https:\/\/api.w.org\/{rel}","templated":true}]}}