{"id":452,"date":"2025-10-10T15:26:48","date_gmt":"2025-10-10T13:26:48","guid":{"rendered":"https:\/\/celineclement.archi\/?page_id=452"},"modified":"2025-10-18T23:14:46","modified_gmt":"2025-10-18T21:14:46","slug":"imaginaire","status":"publish","type":"page","link":"https:\/\/celineclement.archi\/index.php\/imaginaire\/","title":{"rendered":"Imaginaire"},"content":{"rendered":"<section class=\"av_textblock_section \"  itemscope=\"itemscope\" itemtype=\"https:\/\/schema.org\/CreativeWork\" ><div class='avia_textblock  '   itemprop=\"text\" ><h3>Fragments d\u2019imaginaire<\/h3>\n<p data-start=\"96\" data-end=\"372\">Cette page rassemble des fragments : dessins, photographies, collages, notes, t\u00e9moins d\u2019une recherche plus libre.<br data-start=\"209\" data-end=\"212\" \/>Ils prolongent le travail de l\u2019atelier en dehors du cadre du projet construit, dans un espace o\u00f9 l\u2019intuition et la perception prennent le relais du programme.<\/p>\n<p data-start=\"374\" data-end=\"585\">Ce sont des formes d\u2019observation : textures, mati\u00e8res, ambiances, moments saisis.<br data-start=\"455\" data-end=\"458\" \/>Elles nourrissent les projets comme des r\u00e9serves sensibles, o\u00f9 se tissent les liens entre architecture, paysage et quotidien.<\/p>\n<p data-start=\"587\" data-end=\"709\">L\u2019imaginaire n\u2019est pas un ailleurs. Il relie les choses vues, v\u00e9cues, r\u00eav\u00e9es, avant qu\u2019elles ne deviennent architecture.<\/p>\n<div id=\"trustindex-feed-container-instagram-9469fdd1ad9b0ac\"><\/div>\n<\/div><\/section>\n","protected":false},"excerpt":{"rendered":"","protected":false},"author":1,"featured_media":0,"parent":0,"menu_order":0,"comment_status":"closed","ping_status":"closed","template":"","meta":{"footnotes":""},"class_list":["post-452","page","type-page","status-publish","hentry"],"jetpack_sharing_enabled":true,"_links":{"self":[{"href":"https:\/\/celineclement.archi\/index.php\/wp-json\/wp\/v2\/pages\/452","targetHints":{"allow":["GET"]}}],"collection":[{"href":"https:\/\/celineclement.archi\/index.php\/wp-json\/wp\/v2\/pages"}],"about":[{"href":"https:\/\/celineclement.archi\/index.php\/wp-json\/wp\/v2\/types\/page"}],"author":[{"embeddable":true,"href":"https:\/\/celineclement.archi\/index.php\/wp-json\/wp\/v2\/users\/1"}],"replies":[{"embeddable":true,"href":"https:\/\/celineclement.archi\/index.php\/wp-json\/wp\/v2\/comments?post=452"}],"version-history":[{"count":5,"href":"https:\/\/celineclement.archi\/index.php\/wp-json\/wp\/v2\/pages\/452\/revisions"}],"predecessor-version":[{"id":488,"href":"https:\/\/celineclement.archi\/index.php\/wp-json\/wp\/v2\/pages\/452\/revisions\/488"}],"wp:attachment":[{"href":"https:\/\/celineclement.archi\/index.php\/wp-json\/wp\/v2\/media?parent=452"}],"curies":[{"name":"wp","href":"https:\/\/api.w.org\/{rel}","templated":true}]}}